{"id":20807,"date":"2024-01-02T11:49:11","date_gmt":"2024-01-02T09:49:11","guid":{"rendered":"https:\/\/casamira2025.casamira.es\/producto\/reserve-your-roscon-de-reyes\/"},"modified":"2026-03-20T13:27:13","modified_gmt":"2026-03-20T12:27:13","slug":"reserve-your-roscon-de-reyes","status":"publish","type":"product","link":"https:\/\/casamira.es\/en\/product\/reserve-your-roscon-de-reyes\/","title":{"rendered":"Reserve your Rosc\u00f3n de Reyes (only available in December and January)"},"content":{"rendered":"<p>STORAGE: Cool and dry at room temperature.<br \/>\nSHELF LIFE: 48h<br \/>\nPRESENTATION: Doughnuts of different weights\/sizes decorated with fruit and nuts.<br \/>\nPACKAGING: Just before serving in a white box for better transport.<\/p>\n<p>ALLERGENS: Wheat flour, eggs, nuts, lactose, sulfites, alcohol and milk proteins.<\/p>\n","protected":false},"excerpt":{"rendered":"<p>Special Rosc\u00f3n de reyes of the House, with our particular touch, national walnut and different fillings to choose.<\/p>\n<p>Reserve your Rosc\u00f3n and pick it up.<\/p>\n<p>&nbsp;<\/p>\n","protected":false},"featured_media":10304,"template":"","meta":{"_acf_changed":false,"_glsr_average":0,"_glsr_ranking":0,"_glsr_reviews":0},"categoria":[],"product_brand":[],"product_cat":[318,159],"product_tag":[],"class_list":{"0":"post-20807","1":"product","2":"type-product","3":"status-publish","4":"has-post-thumbnail","6":"product_cat-kings-cake","7":"product_cat-our-specialities","9":"first","10":"outofstock","11":"taxable","12":"shipping-taxable","13":"purchasable","14":"product-type-variable"},"acf":[],"yoast_head":"<!-- This site is optimized with the Yoast SEO plugin v27.4 - https:\/\/yoast.com\/product\/yoast-seo-wordpress\/ -->\n<title>Reserve your Rosc\u00f3n de Reyes (only available in December and January) | king\u00b4s Cake, Our specialities | Casa Mira<\/title>\n<meta name=\"description\" content=\"En nuestra tienda online podr\u00e1s comprar Reserve your Rosc\u00f3n de Reyes (only available in December and January) artesano, adem\u00e1s de un gran surtido de turrones, mazapanes, peladillas, etc.\" \/>\n<meta name=\"robots\" content=\"index, follow, max-snippet:-1, max-image-preview:large, max-video-preview:-1\" \/>\n<link rel=\"canonical\" href=\"https:\/\/casamira.es\/en\/product\/reserve-your-roscon-de-reyes\/\" \/>\n<meta property=\"og:locale\" content=\"en_US\" \/>\n<meta property=\"og:type\" content=\"article\" \/>\n<meta property=\"og:title\" content=\"Reserve your Rosc\u00f3n de Reyes (only available in December and January) | king\u00b4s Cake, Our specialities | Casa Mira\" \/>\n<meta property=\"og:description\" content=\"En nuestra tienda online podr\u00e1s comprar Reserve your Rosc\u00f3n de Reyes (only available in December and January) artesano, adem\u00e1s de un gran surtido de turrones, mazapanes, peladillas, etc.\" \/>\n<meta property=\"og:url\" content=\"https:\/\/casamira.es\/en\/product\/reserve-your-roscon-de-reyes\/\" \/>\n<meta property=\"og:site_name\" content=\"Casa Mira\" \/>\n<meta property=\"article:publisher\" content=\"https:\/\/www.facebook.com\/CASA-MIRA-40961973871\/\" \/>\n<meta property=\"article:modified_time\" content=\"2026-03-20T12:27:13+00:00\" \/>\n<meta property=\"og:image\" content=\"https:\/\/casamira.es\/wp-content\/uploads\/2023\/12\/roscon-de-reyes.png\" \/>\n\t<meta property=\"og:image:width\" content=\"600\" \/>\n\t<meta property=\"og:image:height\" content=\"600\" \/>\n\t<meta property=\"og:image:type\" content=\"image\/png\" \/>\n<meta name=\"twitter:card\" content=\"summary_large_image\" \/>\n<script type=\"application\/ld+json\" class=\"yoast-schema-graph\">{\"@context\":\"https:\\\/\\\/schema.org\",\"@graph\":[{\"@type\":\"WebPage\",\"@id\":\"https:\\\/\\\/casamira.es\\\/en\\\/product\\\/reserve-your-roscon-de-reyes\\\/\",\"url\":\"https:\\\/\\\/casamira.es\\\/en\\\/product\\\/reserve-your-roscon-de-reyes\\\/\",\"name\":\"Reserve your Rosc\u00f3n de Reyes (only available in December and January) | king\u00b4s Cake, Our specialities | Casa Mira\",\"isPartOf\":{\"@id\":\"https:\\\/\\\/casamira.es\\\/en\\\/#website\"},\"primaryImageOfPage\":{\"@id\":\"https:\\\/\\\/casamira.es\\\/en\\\/product\\\/reserve-your-roscon-de-reyes\\\/#primaryimage\"},\"image\":{\"@id\":\"https:\\\/\\\/casamira.es\\\/en\\\/product\\\/reserve-your-roscon-de-reyes\\\/#primaryimage\"},\"thumbnailUrl\":\"https:\\\/\\\/casamira.es\\\/wp-content\\\/uploads\\\/2023\\\/12\\\/roscon-de-reyes.png\",\"datePublished\":\"2024-01-02T09:49:11+00:00\",\"dateModified\":\"2026-03-20T12:27:13+00:00\",\"description\":\"En nuestra tienda online podr\u00e1s comprar Reserve your Rosc\u00f3n de Reyes (only available in December and January) artesano, adem\u00e1s de un gran surtido de turrones, mazapanes, peladillas, etc.\",\"breadcrumb\":{\"@id\":\"https:\\\/\\\/casamira.es\\\/en\\\/product\\\/reserve-your-roscon-de-reyes\\\/#breadcrumb\"},\"inLanguage\":\"en-US\",\"potentialAction\":[{\"@type\":\"ReadAction\",\"target\":[\"https:\\\/\\\/casamira.es\\\/en\\\/product\\\/reserve-your-roscon-de-reyes\\\/\"]}]},{\"@type\":\"ImageObject\",\"inLanguage\":\"en-US\",\"@id\":\"https:\\\/\\\/casamira.es\\\/en\\\/product\\\/reserve-your-roscon-de-reyes\\\/#primaryimage\",\"url\":\"https:\\\/\\\/casamira.es\\\/wp-content\\\/uploads\\\/2023\\\/12\\\/roscon-de-reyes.png\",\"contentUrl\":\"https:\\\/\\\/casamira.es\\\/wp-content\\\/uploads\\\/2023\\\/12\\\/roscon-de-reyes.png\",\"width\":600,\"height\":600,\"caption\":\"roscon de reyes\"},{\"@type\":\"BreadcrumbList\",\"@id\":\"https:\\\/\\\/casamira.es\\\/en\\\/product\\\/reserve-your-roscon-de-reyes\\\/#breadcrumb\",\"itemListElement\":[{\"@type\":\"ListItem\",\"position\":1,\"name\":\"Home\",\"item\":\"https:\\\/\\\/casamira.es\\\/en\\\/\"},{\"@type\":\"ListItem\",\"position\":2,\"name\":\"Store\",\"item\":\"https:\\\/\\\/casamira.es\\\/en\\\/shop\\\/\"},{\"@type\":\"ListItem\",\"position\":3,\"name\":\"Reserve your Rosc\u00f3n de Reyes (only available in December and January)\"}]},{\"@type\":\"WebSite\",\"@id\":\"https:\\\/\\\/casamira.es\\\/en\\\/#website\",\"url\":\"https:\\\/\\\/casamira.es\\\/en\\\/\",\"name\":\"Casa Mira\",\"description\":\"\",\"publisher\":{\"@id\":\"https:\\\/\\\/casamira.es\\\/en\\\/#organization\"},\"potentialAction\":[{\"@type\":\"SearchAction\",\"target\":{\"@type\":\"EntryPoint\",\"urlTemplate\":\"https:\\\/\\\/casamira.es\\\/en\\\/?s={search_term_string}\"},\"query-input\":{\"@type\":\"PropertyValueSpecification\",\"valueRequired\":true,\"valueName\":\"search_term_string\"}}],\"inLanguage\":\"en-US\"},{\"@type\":\"Organization\",\"@id\":\"https:\\\/\\\/casamira.es\\\/en\\\/#organization\",\"name\":\"Casa Mira\",\"url\":\"https:\\\/\\\/casamira.es\\\/en\\\/\",\"logo\":{\"@type\":\"ImageObject\",\"inLanguage\":\"en-US\",\"@id\":\"https:\\\/\\\/casamira.es\\\/en\\\/#\\\/schema\\\/logo\\\/image\\\/\",\"url\":\"https:\\\/\\\/casamira.es\\\/wp-content\\\/uploads\\\/2020\\\/09\\\/logo.png\",\"contentUrl\":\"https:\\\/\\\/casamira.es\\\/wp-content\\\/uploads\\\/2020\\\/09\\\/logo.png\",\"width\":280,\"height\":130,\"caption\":\"Casa Mira\"},\"image\":{\"@id\":\"https:\\\/\\\/casamira.es\\\/en\\\/#\\\/schema\\\/logo\\\/image\\\/\"},\"sameAs\":[\"https:\\\/\\\/www.facebook.com\\\/CASA-MIRA-40961973871\\\/\",\"https:\\\/\\\/www.instagram.com\\\/casamiramadrid\\\/\",\"https:\\\/\\\/es.wikipedia.org\\\/wiki\\\/Casa_Mira\"]}]}<\/script>\n<!-- \/ Yoast SEO plugin. -->","yoast_head_json":{"title":"Reserve your Rosc\u00f3n de Reyes (only available in December and January) | king\u00b4s Cake, Our specialities | Casa Mira","description":"En nuestra tienda online podr\u00e1s comprar Reserve your Rosc\u00f3n de Reyes (only available in December and January) artesano, adem\u00e1s de un gran surtido de turrones, mazapanes, peladillas, etc.","robots":{"index":"index","follow":"follow","max-snippet":"max-snippet:-1","max-image-preview":"max-image-preview:large","max-video-preview":"max-video-preview:-1"},"canonical":"https:\/\/casamira.es\/en\/product\/reserve-your-roscon-de-reyes\/","og_locale":"en_US","og_type":"article","og_title":"Reserve your Rosc\u00f3n de Reyes (only available in December and January) | king\u00b4s Cake, Our specialities | Casa Mira","og_description":"En nuestra tienda online podr\u00e1s comprar Reserve your Rosc\u00f3n de Reyes (only available in December and January) artesano, adem\u00e1s de un gran surtido de turrones, mazapanes, peladillas, etc.","og_url":"https:\/\/casamira.es\/en\/product\/reserve-your-roscon-de-reyes\/","og_site_name":"Casa Mira","article_publisher":"https:\/\/www.facebook.com\/CASA-MIRA-40961973871\/","article_modified_time":"2026-03-20T12:27:13+00:00","og_image":[{"width":600,"height":600,"url":"https:\/\/casamira.es\/wp-content\/uploads\/2023\/12\/roscon-de-reyes.png","type":"image\/png"}],"twitter_card":"summary_large_image","schema":{"@context":"https:\/\/schema.org","@graph":[{"@type":"WebPage","@id":"https:\/\/casamira.es\/en\/product\/reserve-your-roscon-de-reyes\/","url":"https:\/\/casamira.es\/en\/product\/reserve-your-roscon-de-reyes\/","name":"Reserve your Rosc\u00f3n de Reyes (only available in December and January) | king\u00b4s Cake, Our specialities | Casa Mira","isPartOf":{"@id":"https:\/\/casamira.es\/en\/#website"},"primaryImageOfPage":{"@id":"https:\/\/casamira.es\/en\/product\/reserve-your-roscon-de-reyes\/#primaryimage"},"image":{"@id":"https:\/\/casamira.es\/en\/product\/reserve-your-roscon-de-reyes\/#primaryimage"},"thumbnailUrl":"https:\/\/casamira.es\/wp-content\/uploads\/2023\/12\/roscon-de-reyes.png","datePublished":"2024-01-02T09:49:11+00:00","dateModified":"2026-03-20T12:27:13+00:00","description":"En nuestra tienda online podr\u00e1s comprar Reserve your Rosc\u00f3n de Reyes (only available in December and January) artesano, adem\u00e1s de un gran surtido de turrones, mazapanes, peladillas, etc.","breadcrumb":{"@id":"https:\/\/casamira.es\/en\/product\/reserve-your-roscon-de-reyes\/#breadcrumb"},"inLanguage":"en-US","potentialAction":[{"@type":"ReadAction","target":["https:\/\/casamira.es\/en\/product\/reserve-your-roscon-de-reyes\/"]}]},{"@type":"ImageObject","inLanguage":"en-US","@id":"https:\/\/casamira.es\/en\/product\/reserve-your-roscon-de-reyes\/#primaryimage","url":"https:\/\/casamira.es\/wp-content\/uploads\/2023\/12\/roscon-de-reyes.png","contentUrl":"https:\/\/casamira.es\/wp-content\/uploads\/2023\/12\/roscon-de-reyes.png","width":600,"height":600,"caption":"roscon de reyes"},{"@type":"BreadcrumbList","@id":"https:\/\/casamira.es\/en\/product\/reserve-your-roscon-de-reyes\/#breadcrumb","itemListElement":[{"@type":"ListItem","position":1,"name":"Home","item":"https:\/\/casamira.es\/en\/"},{"@type":"ListItem","position":2,"name":"Store","item":"https:\/\/casamira.es\/en\/shop\/"},{"@type":"ListItem","position":3,"name":"Reserve your Rosc\u00f3n de Reyes (only available in December and January)"}]},{"@type":"WebSite","@id":"https:\/\/casamira.es\/en\/#website","url":"https:\/\/casamira.es\/en\/","name":"Casa Mira","description":"","publisher":{"@id":"https:\/\/casamira.es\/en\/#organization"},"potentialAction":[{"@type":"SearchAction","target":{"@type":"EntryPoint","urlTemplate":"https:\/\/casamira.es\/en\/?s={search_term_string}"},"query-input":{"@type":"PropertyValueSpecification","valueRequired":true,"valueName":"search_term_string"}}],"inLanguage":"en-US"},{"@type":"Organization","@id":"https:\/\/casamira.es\/en\/#organization","name":"Casa Mira","url":"https:\/\/casamira.es\/en\/","logo":{"@type":"ImageObject","inLanguage":"en-US","@id":"https:\/\/casamira.es\/en\/#\/schema\/logo\/image\/","url":"https:\/\/casamira.es\/wp-content\/uploads\/2020\/09\/logo.png","contentUrl":"https:\/\/casamira.es\/wp-content\/uploads\/2020\/09\/logo.png","width":280,"height":130,"caption":"Casa Mira"},"image":{"@id":"https:\/\/casamira.es\/en\/#\/schema\/logo\/image\/"},"sameAs":["https:\/\/www.facebook.com\/CASA-MIRA-40961973871\/","https:\/\/www.instagram.com\/casamiramadrid\/","https:\/\/es.wikipedia.org\/wiki\/Casa_Mira"]}]}},"jetpack_sharing_enabled":true,"_links":{"self":[{"href":"https:\/\/casamira.es\/en\/wp-json\/wp\/v2\/product\/20807","targetHints":{"allow":["GET"]}}],"collection":[{"href":"https:\/\/casamira.es\/en\/wp-json\/wp\/v2\/product"}],"about":[{"href":"https:\/\/casamira.es\/en\/wp-json\/wp\/v2\/types\/product"}],"version-history":[{"count":0,"href":"https:\/\/casamira.es\/en\/wp-json\/wp\/v2\/product\/20807\/revisions"}],"wp:featuredmedia":[{"embeddable":true,"href":"https:\/\/casamira.es\/en\/wp-json\/wp\/v2\/media\/10304"}],"wp:attachment":[{"href":"https:\/\/casamira.es\/en\/wp-json\/wp\/v2\/media?parent=20807"}],"wp:term":[{"taxonomy":"categoria","embeddable":true,"href":"https:\/\/casamira.es\/en\/wp-json\/wp\/v2\/categoria?post=20807"},{"taxonomy":"product_brand","embeddable":true,"href":"https:\/\/casamira.es\/en\/wp-json\/wp\/v2\/product_brand?post=20807"},{"taxonomy":"product_cat","embeddable":true,"href":"https:\/\/casamira.es\/en\/wp-json\/wp\/v2\/product_cat?post=20807"},{"taxonomy":"product_tag","embeddable":true,"href":"https:\/\/casamira.es\/en\/wp-json\/wp\/v2\/product_tag?post=20807"}],"curies":[{"name":"wp","href":"https:\/\/api.w.org\/{rel}","templated":true}]}}